{"id":453,"date":"2015-04-11T00:18:13","date_gmt":"2015-04-11T00:18:13","guid":{"rendered":"http:\/\/themes.wplook.com\/construction\/?page_id=13"},"modified":"2023-08-22T12:33:08","modified_gmt":"2023-08-22T12:33:08","slug":"about-us","status":"publish","type":"page","link":"https:\/\/igt.gov.mz\/?page_id=453","title":{"rendered":"Sobre IGT"},"content":{"rendered":"\n<p class=\"has-black-color has-light-green-cyan-background-color has-text-color has-background\">A Inspec\u00e7\u00e3o Geral do Trabalho- <strong>IGT<\/strong>, institui\u00e7\u00e3o p\u00fablica e aut\u00f3noma, criada pelo Decreto n\u00ba. 11\/2014, de 26 de Mar\u00e7o e revisto pelo Decreto n.\u00b0 19\/2015, de 28 de Agosto, cujo objecto \u00e9 assegurar o cumprimento das normas relativas&nbsp; \u00e0s condi\u00e7\u00f5es laborais, <strong>\u00e0 preven\u00e7\u00e3o de riscos profissionais<\/strong>, seguran\u00e7a social obrigat\u00f3ria, contrata\u00e7\u00e3o de m\u00e3o-de-obra estrangeira e demais normas conferidas por Lei.<\/p>\n\n\n\n<p><\/p>\n\n\n\n<p><\/p>\n\n\n\n<h5 class=\"wp-block-heading\"><strong>Atribui\u00e7\u00f5es da IGT, no dom\u00ednio do desenvolvimento da preven\u00e7\u00e3o de riscos profissionais (Dec. 45\/2009, de 14 de Agosto)<\/strong><\/h5>\n\n\n\n<ol class=\"wp-block-list\" type=\"1\">\n<li>Zelar pelo cumprimento de normas de sa\u00fade, higiene e seguran\u00e7a no trabalho nos locais de trabalho, equipamentos do trabalho, materiais e processos do trabalho, bem como disponibiliza\u00e7\u00e3o de equipamentos de prote\u00e7\u00e3o individual;<\/li>\n\n\n\n<li>&nbsp;Zelar pelo cumprimento de normas respeitantes \u00e0 protec\u00e7\u00e3o contra as subst\u00e2ncias e agentes qu\u00edmicos, f\u00edsicos e biol\u00f3gicos que representam risco para a sa\u00fade dos trabalhadores;<\/li>\n\n\n\n<li>Verificar a exist\u00eancia de medidas que permitam fazer face \u00e0 administra\u00e7\u00e3o de primeiros socorros em caso de acidentes do trabalho, evacua\u00e7\u00f5es casos de emerg\u00eancia, de perigo grave e iminente, bem como de combate \u00e0 inc\u00eandios;<\/li>\n\n\n\n<li>Zelar pelo cumprimento de deveres de consulta, disponibiliza\u00e7\u00e3o de instru\u00e7\u00f5es, informa\u00e7\u00e3o e forma\u00e7\u00e3o dos trabalhadores e seus representantes;<\/li>\n\n\n\n<li>Zelar pelo cumprimento dos deveres relativos \u00e0 vigil\u00e2ncia da sa\u00fade dos trabalhadores;<\/li>\n\n\n\n<li>Divulgar e promover estudos t\u00e9cnicos sobre a elimina\u00e7\u00e3o dos riscos para a vida e a sa\u00fade dos trabalhadores nos locais de trabalho.<\/li>\n<\/ol>\n\n\n\n<p><\/p>\n\n\n\n<p><strong>Ac\u00e7\u00f5es em curso para a promo\u00e7\u00e3o da SST<\/strong><\/p>\n\n\n\n<p>Em cumprimento do, <strong>Pilar 6 da politica de emprego ( Sa\u00fade Ocupacional, Higiene e Seguran\u00e7a no Trabalho)<\/strong>, os SSHST realizam as seguintes actividades:&nbsp;<\/p>\n\n\n\n<ul class=\"wp-block-list\">\n<li>Palestras sobre HST, em diferentes sectores de actividade;<\/li>\n\n\n\n<li>Fiscaliza\u00e7\u00e3o e vistorias integradas;<\/li>\n\n\n\n<li>Confer\u00eancia Nacional de SST;<\/li>\n\n\n\n<li>Concurso de premia\u00e7\u00e3o em boas pr\u00e1ticas de SST;<\/li>\n\n\n\n<li>Marchas publicas, entre outras actividades.;<\/li>\n\n\n\n<li>Divulga\u00e7\u00e3o da Legisla\u00e7\u00e3o referente \u00e0 Seguran\u00e7a Sa\u00fade no Trabalho;<\/li>\n<\/ul>\n\n\n\n<p><strong>Com a aprova\u00e7\u00e3o do Regulamento para Avalia\u00e7\u00e3o e Controle da Exposi\u00e7\u00f5es Ocupacionais a agentes de riscos f\u00edsicos, Qu\u00edmicos e Biol\u00f3gicos, espera-se completar as atribui\u00e7\u00f5es &nbsp;por Lei indicadas a IGT-SSHST-Laborat\u00f3rio de HST, a saber:<\/strong><\/p>\n\n\n\n<ol class=\"wp-block-list\" type=\"1\">\n<li>Identificar e caracterizar as situa\u00e7\u00f5es de risco profissional, assegurando, a recolha e o tratamento de informa\u00e7\u00e3o sobre n\u00edveis de exposi\u00e7\u00e3o a agentes f\u00edsicos, qu\u00edmicos e biol\u00f3gicos e outros factores nocivos inerentes \u00e0 actividade profissional e as respectivas consequ\u00eancias para os trabalhadores expostos, bem como sobre a sinistralidade;<\/li>\n\n\n\n<li>Recolher sempre que necess\u00e1rio, amostras de subst\u00e2ncias ou produtos em qualquer unidade produtiva para determinar o seu grau de toxicidade\u201d;&nbsp;<\/li>\n\n\n\n<li>Verificar a qualidade dos ambientes de trabalho e assegurar a normalidade dos agentes f\u00edsicos, qu\u00edmicos e biol\u00f3gicos;<\/li>\n\n\n\n<li>Emiss\u00e3o do parecer t\u00e9cnico de insalubridade nas empresas, a n\u00edvel nacional.&nbsp; &nbsp;<\/li>\n<\/ol>\n\n\n\n<p>Confer\u00eancia Nacional sobre SST \u00e9 o momento mais alto da Campanha de Educa\u00e7\u00e3o P\u00fablica que junta representantes de institui\u00e7\u00f5es e organiza\u00e7\u00f5es&nbsp; diversas, com destaque para os representantes dos empregadores e trabalhadores de diferentes sectores de actividades;<\/p>\n","protected":false},"excerpt":{"rendered":"<p>A Inspec\u00e7\u00e3o Geral do Trabalho- IGT, institui\u00e7\u00e3o p\u00fablica e aut\u00f3noma, criada pelo Decreto n\u00ba. 11\/2014, de 26 de Mar\u00e7o e revisto pelo Decreto n.\u00b0 19\/2015, de 28 de Agosto, cujo objecto \u00e9 assegurar o cumprimento das normas relativas&nbsp; \u00e0s condi\u00e7\u00f5es laborais, \u00e0 preven\u00e7\u00e3o de riscos profissionais, seguran\u00e7a social obrigat\u00f3ria, contrata\u00e7\u00e3o de m\u00e3o-de-obra estrangeira e demais [&hellip;]<\/p>\n","protected":false},"author":1,"featured_media":0,"parent":0,"menu_order":0,"comment_status":"open","ping_status":"open","template":"","meta":{"footnotes":""},"class_list":["post-453","page","type-page","status-publish","hentry"],"_links":{"self":[{"href":"https:\/\/igt.gov.mz\/index.php?rest_route=\/wp\/v2\/pages\/453","targetHints":{"allow":["GET"]}}],"collection":[{"href":"https:\/\/igt.gov.mz\/index.php?rest_route=\/wp\/v2\/pages"}],"about":[{"href":"https:\/\/igt.gov.mz\/index.php?rest_route=\/wp\/v2\/types\/page"}],"author":[{"embeddable":true,"href":"https:\/\/igt.gov.mz\/index.php?rest_route=\/wp\/v2\/users\/1"}],"replies":[{"embeddable":true,"href":"https:\/\/igt.gov.mz\/index.php?rest_route=%2Fwp%2Fv2%2Fcomments&post=453"}],"version-history":[{"count":8,"href":"https:\/\/igt.gov.mz\/index.php?rest_route=\/wp\/v2\/pages\/453\/revisions"}],"predecessor-version":[{"id":687,"href":"https:\/\/igt.gov.mz\/index.php?rest_route=\/wp\/v2\/pages\/453\/revisions\/687"}],"wp:attachment":[{"href":"https:\/\/igt.gov.mz\/index.php?rest_route=%2Fwp%2Fv2%2Fmedia&parent=453"}],"curies":[{"name":"wp","href":"https:\/\/api.w.org\/{rel}","templated":true}]}}