{"id":617,"date":"2023-07-31T06:53:52","date_gmt":"2023-07-31T06:53:52","guid":{"rendered":"http:\/\/localhost\/igt-portal\/?page_id=617"},"modified":"2023-08-08T06:34:34","modified_gmt":"2023-08-08T06:34:34","slug":"legislacao","status":"publish","type":"page","link":"https:\/\/igt.gov.mz\/?page_id=617","title":{"rendered":"Legisla\u00e7\u00e3o"},"content":{"rendered":"\n<h3 class=\"wp-block-heading\"><strong>Legisla\u00e7\u00e3o de SST em vigor<\/strong><\/h3>\n\n\n\n<figure class=\"wp-block-table is-style-stripes\"><table><tbody><tr><td><strong>Documento<\/strong>                       <\/td><td><strong>Baixar<\/strong><\/td><\/tr><tr><td>Constitui\u00e7\u00e3o da Republica<\/td><td><a href=\"http:\/\/https.igt.inage.gov.mz\/wp-content\/uploads\/2023\/07\/Constituicao_republica_mocambique.pdf\"><img loading=\"lazy\" decoding=\"async\" width=\"24\" height=\"24\" class=\"wp-image-630\" style=\"width: 24px;\" src=\"https:\/\/igt.inage.gov.mz\/wp-content\/uploads\/2023\/07\/pdf-24.png\" alt=\"\"><\/a><\/td><\/tr><tr><td>Lei do Trabalho &#8211; Lei n.\u00ba 23\/2007, de 1 de Agosto<\/td><td><a href=\"hthttps:\/\/igt.inage.gov.mz\/wp-content\/uploads\/2023\/07\/Lei__23_2007_de_1_de_Agosto_-_Lei_do_Trabalho_1.pdf\"><img loading=\"lazy\" decoding=\"async\" width=\"24\" height=\"24\" class=\"wp-image-630\" style=\"width: 24px;\" src=\"https:\/\/igt.inage.gov.mz\/wp-content\/uploads\/2023\/07\/pdf-24.png\" alt=\"\"><\/a><\/td><\/tr><tr><td>Decreto n.\u00ba 62\/2013, de 4 de Dezembro: aprova o Regime Jur\u00eddico de Acidentes de Trabalho e Doen\u00e7as Profissionais<\/td><td><a href=\"https:\/\/igt.inage.gov.mz\/wp-content\/uploads\/2023\/07\/Dec-62_2013_BR.-97.pdf\"><img loading=\"lazy\" decoding=\"async\" width=\"24\" height=\"24\" class=\"wp-image-630\" style=\"width: 24px;\" src=\"https:\/\/igt.inage.gov.mz\/wp-content\/uploads\/2023\/07\/pdf-24.png\" alt=\"\"><\/a><\/td><\/tr><tr><td>Dec. n.\u00ba 45\/2009, de 14 de Agosto: aprova o Regulamento da IGT<\/td><td><a href=\"https:\/\/igt.inage.gov.mz\/wp-content\/uploads\/2023\/07\/Dec.-45-2009-de-14-de-Agosto.pdf\"><img loading=\"lazy\" decoding=\"async\" width=\"24\" height=\"24\" class=\"wp-image-630\" style=\"width: 24px;\" src=\"https:\/\/igt.inage.gov.mz\/wp-content\/uploads\/2023\/07\/pdf-24.png\" alt=\"\"><\/a><\/td><\/tr><tr><td>Diploma Ministerial n.\u00ba89\/2016, de 7 de Dezembro: aprova o Regulamento Interno da IGT<\/td><td><\/td><\/tr><tr><td>Diploma legislativo n.\u00ba48\/73: aprova o Regulamento Geral de Higiene e Seguran\u00e7a do Trabalho nos Estabelecimentos Industriais<\/td><td><\/td><\/tr><tr><td>Diploma Legislativo n.\u00ba 120\/71, de 13 de Novembro: aprova o Regulamento de Seguran\u00e7a do Pessoal e Higiene no Trabalho, aplic\u00e1vel a Obras de Engenharia Civil<\/td><td><\/td><\/tr><tr><td>Decreto n.\u00ba 61\/2006, de 26 de Dezembro, que aprova o Regulamento de Seguran\u00e7a T\u00e9cnica e de Sa\u00fade nas Actividade Geol\u00f3gico-Mineiras<\/td><td><a href=\"https:\/\/igt.inage.gov.mz\/wp-content\/uploads\/2023\/07\/Dec.-45-2009-de-14-de-Agosto.pdf\" target=\"_blank\" rel=\"noreferrer noopener\"><img loading=\"lazy\" decoding=\"async\" width=\"24\" height=\"24\" class=\"wp-image-630\" style=\"width: 24px;\" src=\"https:\/\/igt.inage.gov.mz\/wp-content\/uploads\/2023\/07\/pdf-24.png\" alt=\"\"><\/a><\/td><\/tr><tr><td>Decreto n.\u00ba 46\/2016, de 31 de Outubro &#8211; aprova o Regulamento de Trabalho Portu\u00e1rio<\/td><td><a href=\"https:\/\/igt.inage.gov.mz\/wp-content\/uploads\/2023\/07\/Decreto-46-de-2016-de-31-de-Outubro-Regulameto-de-Trabalho-Portuario.pdf\" target=\"_blank\" rel=\"noreferrer noopener\"><img loading=\"lazy\" decoding=\"async\" width=\"24\" height=\"24\" class=\"wp-image-630\" style=\"width: 24px;\" src=\"https:\/\/igt.inage.gov.mz\/wp-content\/uploads\/2023\/07\/pdf-24.png\" alt=\"\"><\/a><\/td><\/tr><tr><td>Decreto n\u00ba 11\/2013, de 10 de Abril: aprova o Regulamento sobre Gest\u00e3o de Fertilizantes<\/td><td><a href=\"https:\/\/igt.inage.gov.mz\/wp-content\/uploads\/2023\/07\/Decreto-no-112013-de-10-de-Abril-REGULAMENTO-DE-FERTILIZANTES.pdf\" target=\"_blank\" rel=\"noreferrer noopener\"><img loading=\"lazy\" decoding=\"async\" width=\"24\" height=\"24\" class=\"wp-image-630\" style=\"width: 24px;\" src=\"https:\/\/igt.inage.gov.mz\/wp-content\/uploads\/2023\/07\/pdf-24.png\" alt=\"\"><\/a><\/td><\/tr><tr><td>Decreto n.\u00ba 6\/2009, de 31 Marco: aprova o Regulamento sobre Gest\u00e3o de Pesticidas<\/td><td><a href=\"https:\/\/igt.inage.gov.mz\/wp-content\/uploads\/2023\/07\/Decreto-n.o-6-2009-de-31-Marco.pdf\" target=\"_blank\" rel=\"noreferrer noopener\"><img loading=\"lazy\" decoding=\"async\" width=\"24\" height=\"24\" class=\"wp-image-630\" style=\"width: 24px;\" src=\"https:\/\/igt.inage.gov.mz\/wp-content\/uploads\/2023\/07\/pdf-24.png\" alt=\"\"><\/a><\/td><\/tr><\/tbody><\/table><\/figure>\n","protected":false},"excerpt":{"rendered":"<p>Legisla\u00e7\u00e3o de SST em vigor Documento Baixar Constitui\u00e7\u00e3o da Republica Lei do Trabalho &#8211; Lei n.\u00ba 23\/2007, de 1 de Agosto Decreto n.\u00ba 62\/2013, de 4 de Dezembro: aprova o Regime Jur\u00eddico de Acidentes de Trabalho e Doen\u00e7as Profissionais Dec. n.\u00ba 45\/2009, de 14 de Agosto: aprova o Regulamento da IGT Diploma Ministerial n.\u00ba89\/2016, de [&hellip;]<\/p>\n","protected":false},"author":1,"featured_media":0,"parent":0,"menu_order":0,"comment_status":"closed","ping_status":"closed","template":"","meta":{"footnotes":""},"class_list":["post-617","page","type-page","status-publish","hentry"],"_links":{"self":[{"href":"https:\/\/igt.gov.mz\/index.php?rest_route=\/wp\/v2\/pages\/617","targetHints":{"allow":["GET"]}}],"collection":[{"href":"https:\/\/igt.gov.mz\/index.php?rest_route=\/wp\/v2\/pages"}],"about":[{"href":"https:\/\/igt.gov.mz\/index.php?rest_route=\/wp\/v2\/types\/page"}],"author":[{"embeddable":true,"href":"https:\/\/igt.gov.mz\/index.php?rest_route=\/wp\/v2\/users\/1"}],"replies":[{"embeddable":true,"href":"https:\/\/igt.gov.mz\/index.php?rest_route=%2Fwp%2Fv2%2Fcomments&post=617"}],"version-history":[{"count":14,"href":"https:\/\/igt.gov.mz\/index.php?rest_route=\/wp\/v2\/pages\/617\/revisions"}],"predecessor-version":[{"id":658,"href":"https:\/\/igt.gov.mz\/index.php?rest_route=\/wp\/v2\/pages\/617\/revisions\/658"}],"wp:attachment":[{"href":"https:\/\/igt.gov.mz\/index.php?rest_route=%2Fwp%2Fv2%2Fmedia&parent=617"}],"curies":[{"name":"wp","href":"https:\/\/api.w.org\/{rel}","templated":true}]}}